{"id":66,"date":"2018-09-23T14:02:00","date_gmt":"2018-09-23T14:02:00","guid":{"rendered":"http:\/\/logopaedie-am-schloss-horst.de\/?page_id=66"},"modified":"2018-12-16T15:53:20","modified_gmt":"2018-12-16T15:53:20","slug":"behandlungsspektrum","status":"publish","type":"page","link":"https:\/\/logopaedie-am-schloss-horst.de\/?page_id=66","title":{"rendered":"Behandlungsspektrum"},"content":{"rendered":"<p><strong>Unser Behandlungsspektrum umfasst u.a.:<\/strong><\/p>\n<p><strong>Kinder: <\/strong><\/p>\n<ul>\n<li>Sprachentwicklungsst\u00f6rungen (Einschr\u00e4nkungen in Kommunikation, Sprachverst\u00e4ndnis, Wortschatz, Artikulation, Grammatik)<\/li>\n<li>Artikulationsst\u00f6rungen (unverst\u00e4ndliche Aussprache)<\/li>\n<li>Eingeschr\u00e4nkter aktiver und passiver Wortschatz<\/li>\n<li>Auditive Wahrnehmungs- und Verarbeitungsst\u00f6rungen<\/li>\n<li>Verbale Entwicklungsdyspraxie<\/li>\n<li>Stottern und Poltern (Redeflussst\u00f6rungen)<\/li>\n<li>Anbahnung von Sprache bei H\u00f6rst\u00f6rungen, z.B. bei Cochlear-Implantat<\/li>\n<li>Kindliche Stimmst\u00f6rungen<\/li>\n<li>Lippen-Kiefer-Gaumenspalten<\/li>\n<li>Mutismus<\/li>\n<li>Sprachauff\u00e4lligkeiten bei Autismus-Spektrum-St\u00f6rungen<\/li>\n<li>Myofunktionelle St\u00f6rungen<\/li>\n<li>Lese-Rechtschreib-St\u00f6rungen<\/li>\n<li>Unterst\u00fctzte Kommunikation<\/li>\n<\/ul>\n<p><strong>Erwachsene:<\/strong><\/p>\n<ul>\n<li>Sprach-, Sprech- und Stimmst\u00f6rungen<\/li>\n<li>Neurologische St\u00f6rungsbilder\n<ul>\n<li>Aphasie (Sprachst\u00f6rungen\/Sprachverlust, z.B. nach Schlaganfall, Hirntumor, Sch\u00e4delhirntrauma)<\/li>\n<li>Dysphasie (z.B. Sprachst\u00f6rungen bei Demenz)<\/li>\n<li>Dysarthrie (Parkinsontherapie, LSVT)<\/li>\n<li>Sprechapraxie<\/li>\n<li>Schluckst\u00f6rungen (Dysphagie)<\/li>\n<li>Schluckst\u00f6rungen im Alter<\/li>\n<li>Facialisparesen<\/li>\n<\/ul>\n<\/li>\n<li>Unterst\u00fctzte Kommunikation<\/li>\n<li>Trachealkan\u00fclenmanagement, auch bei beatmeten Patienten<\/li>\n<li>Sprach- und Sprechauff\u00e4lligkeiten bei Taubheit, Schwerh\u00f6rigkeit und nach CI-Versorgung<\/li>\n<li>Patienten mit apallischem Syndrom (Wachkoma-Patienten)<\/li>\n<\/ul>\n","protected":false},"excerpt":{"rendered":"<div class=\"slide-text-bg2\"><span>Unser Behandlungsspektrum umfasst u.a.: Kinder: Sprachentwicklungsst\u00f6rungen (Einschr\u00e4nkungen in Kommunikation, Sprachverst\u00e4ndnis, Wortschatz, Artikulati<\/span><\/div>\n<div class=\"slide-btn-area-sm\"><a href=\"https:\/\/logopaedie-am-schloss-horst.de\/?page_id=66\" class=\"slide-btn-sm\">weiterlesen<\/a><\/div>\n","protected":false},"author":1,"featured_media":0,"parent":0,"menu_order":0,"comment_status":"closed","ping_status":"closed","template":"","meta":[],"_links":{"self":[{"href":"https:\/\/logopaedie-am-schloss-horst.de\/index.php?rest_route=\/wp\/v2\/pages\/66"}],"collection":[{"href":"https:\/\/logopaedie-am-schloss-horst.de\/index.php?rest_route=\/wp\/v2\/pages"}],"about":[{"href":"https:\/\/logopaedie-am-schloss-horst.de\/index.php?rest_route=\/wp\/v2\/types\/page"}],"author":[{"embeddable":true,"href":"https:\/\/logopaedie-am-schloss-horst.de\/index.php?rest_route=\/wp\/v2\/users\/1"}],"replies":[{"embeddable":true,"href":"https:\/\/logopaedie-am-schloss-horst.de\/index.php?rest_route=%2Fwp%2Fv2%2Fcomments&post=66"}],"version-history":[{"count":9,"href":"https:\/\/logopaedie-am-schloss-horst.de\/index.php?rest_route=\/wp\/v2\/pages\/66\/revisions"}],"predecessor-version":[{"id":133,"href":"https:\/\/logopaedie-am-schloss-horst.de\/index.php?rest_route=\/wp\/v2\/pages\/66\/revisions\/133"}],"wp:attachment":[{"href":"https:\/\/logopaedie-am-schloss-horst.de\/index.php?rest_route=%2Fwp%2Fv2%2Fmedia&parent=66"}],"curies":[{"name":"wp","href":"https:\/\/api.w.org\/{rel}","templated":true}]}}