{"id":165,"date":"2021-11-07T16:53:44","date_gmt":"2021-11-07T16:53:44","guid":{"rendered":"http:\/\/logopaedie-am-schloss-horst.de\/?page_id=165"},"modified":"2025-02-16T00:32:43","modified_gmt":"2025-02-16T00:32:43","slug":"stellenausschreibung","status":"publish","type":"page","link":"https:\/\/logopaedie-am-schloss-horst.de\/?page_id=165","title":{"rendered":"Stellenausschreibung"},"content":{"rendered":"\n<p><strong>Nette, aufgeschlossene Verst\u00e4rkung gesucht! Vollzeit \/ Teilzeit \/ Minijob<\/strong><\/p>\n\n\n\n<p>Soll es Ihre erste Stelle sein oder ein Wiedereinstieg? Oder sind Sie erfahren und suchen eine Ver\u00e4nderung? M\u00f6chten Sie neue T\u00e4tigkeitsfelder erobern? Sie w\u00fcnschen sich ein nettes, unkompliziertes, kleines Team? Sie m\u00f6chten Ihre Arbeitszeit selbst organisieren? Oder lieber feste Arbeitszeiten? Sie m\u00f6chten sich mit Ideen einbringen? Dann lassen Sie uns \u00fcber Ihre Vorstellungen und W\u00fcnsche sprechen und wir werden uns sicher einig werden. Wir freuen uns auf Sie!<\/p>\n\n\n\n<p><strong>Was erwartet Sie bei uns?<\/strong><\/p>\n\n\n\n<ul>\n<li>eine unbefristete Stelle mit Stundenumfang nach Absprache<\/li>\n\n\n\n<li>viele nette Patienten im Bereich aller St\u00f6rungsbilder bei Kindern \/ Erwachsenen; Neurologie einschl. TK-Management \/ Beatmung ( Kenntnisse zu TK-Management \/ Beatmung nicht vorausgesetzt), interessante Hausbesuche, Kooperation mit diversen Einrichtungen<\/li>\n\n\n\n<li>sehr liebe Kolleginnen, die sich freuen, Sie kennen zu lernen und willkommen zu hei\u00dfen<\/li>\n\n\n\n<li>Therapier\u00e4ume in einer modernen, hellen und freundlichen Praxis und viel Therapiematerial<\/li>\n\n\n\n<li>eine gro\u00dfz\u00fcgige Einarbeitungszeit und viel Unterst\u00fctzung bei der Einarbeitung<\/li>\n\n\n\n<li>Diensthandy, Laptop, Ipad<\/li>\n\n\n\n<li>ein sehr gutes Festgehalt<\/li>\n\n\n\n<li>Sonderzahlungen<\/li>\n\n\n\n<li>30 Tage Urlaub bei einer Vollzeitanstellung bzw. entsprechend der Stundenzahl<\/li>\n\n\n\n<li>gro\u00dfz\u00fcgige, bezahlte Orgazeit<\/li>\n\n\n\n<li>\u00dcbernahme von Fortbildungskosten und Ausgleich der Fortbildungsstunden<\/li>\n\n\n\n<li>w\u00f6chentliche, bezahlte Teamsitzungen<\/li>\n\n\n\n<li>Supervision nach Wunsch<\/li>\n\n\n\n<li>sehr gute Anbindung an den \u00d6PNV, viele kleine Gesch\u00e4fte in n\u00e4herer Umgebung<\/li>\n<\/ul>\n\n\n\n<p><strong>Was w\u00fcnschen wir uns?<\/strong><\/p>\n\n\n\n<ul>\n<li>Ein nettes, aufgeschlossenes Teammitglied<\/li>\n\n\n\n<li>Einf\u00fchlungsverm\u00f6gen und fachkundiger, wertsch\u00e4tzender Umgang mit unseren Patienten<\/li>\n\n\n\n<li>Ein F\u00fchrerschein zur Durchf\u00fchrung von Hausbesuchen erforderlich<\/li>\n\n\n\n<li>Bereitschaft zu Besuch von Fortbildungsveranstaltungen<\/li>\n<\/ul>\n\n\n\n<p>Haben wir Ihr Interesse geweckt? Vermissen Sie noch etwas? \u00dcberlegen Sie nicht lange und rufen Sie uns gleich an, damit wir uns in einem netten, pers\u00f6nlichen Gespr\u00e4ch besser kennenlernen k\u00f6nnen. Wir freuen uns auf Ihre Bewerbung!<\/p>\n\n\n\n<p>Logop\u00e4die am Schloss Horst Gelsenkirchen, Burgstr. 12, 45899 Gelsenkirchen<\/p>\n\n\n\n<p>Frau Christa El-Jezawi oder Frau Fotini Antoniou, \u201aTel. 0209-36105070<\/p>\n","protected":false},"excerpt":{"rendered":"<div class=\"slide-text-bg2\"><span>Nette, aufgeschlossene Verst\u00e4rkung gesucht! Vollzeit \/ Teilzeit \/ Minijob Soll es Ihre erste Stelle sein oder ein Wiedereinstieg? Oder sind Sie erfahren u<\/span><\/div>\n<div class=\"slide-btn-area-sm\"><a href=\"https:\/\/logopaedie-am-schloss-horst.de\/?page_id=165\" class=\"slide-btn-sm\">weiterlesen<\/a><\/div>\n","protected":false},"author":1,"featured_media":0,"parent":0,"menu_order":0,"comment_status":"closed","ping_status":"closed","template":"","meta":[],"_links":{"self":[{"href":"https:\/\/logopaedie-am-schloss-horst.de\/index.php?rest_route=\/wp\/v2\/pages\/165"}],"collection":[{"href":"https:\/\/logopaedie-am-schloss-horst.de\/index.php?rest_route=\/wp\/v2\/pages"}],"about":[{"href":"https:\/\/logopaedie-am-schloss-horst.de\/index.php?rest_route=\/wp\/v2\/types\/page"}],"author":[{"embeddable":true,"href":"https:\/\/logopaedie-am-schloss-horst.de\/index.php?rest_route=\/wp\/v2\/users\/1"}],"replies":[{"embeddable":true,"href":"https:\/\/logopaedie-am-schloss-horst.de\/index.php?rest_route=%2Fwp%2Fv2%2Fcomments&post=165"}],"version-history":[{"count":4,"href":"https:\/\/logopaedie-am-schloss-horst.de\/index.php?rest_route=\/wp\/v2\/pages\/165\/revisions"}],"predecessor-version":[{"id":184,"href":"https:\/\/logopaedie-am-schloss-horst.de\/index.php?rest_route=\/wp\/v2\/pages\/165\/revisions\/184"}],"wp:attachment":[{"href":"https:\/\/logopaedie-am-schloss-horst.de\/index.php?rest_route=%2Fwp%2Fv2%2Fmedia&parent=165"}],"curies":[{"name":"wp","href":"https:\/\/api.w.org\/{rel}","templated":true}]}}